{"id":97,"date":"2021-10-24T14:06:47","date_gmt":"2021-10-24T12:06:47","guid":{"rendered":"https:\/\/www.nedozery.sk\/vcelarstvo\/?product=produkt-3"},"modified":"2025-09-18T15:14:03","modified_gmt":"2025-09-18T13:14:03","slug":"produkt-3","status":"publish","type":"product","link":"https:\/\/www.nedozery.sk\/vcelarstvo\/produkt\/produkt-3\/","title":{"rendered":"Strie\u0161ka na \u00fa\u013e s vetran\u00edm, Tatran B"},"content":{"rendered":"<h2>Strie\u0161ka na \u00fa\u013e s vetran\u00edm, Tatran B<\/h2>\n<div class=\"in-pane\">\n<div class=\"long-description\">\n<p><strong>Strie\u0161ka na polystyr\u00e9nov\u00fd \u00fa\u013e<\/strong>\u00a0Tatran B a Tatran B 1\/2\u00a0<strong>s vetran\u00edm<\/strong>.<\/p>\n<p>Orienta\u010dn\u00e9 vonkaj\u0161ie rozmery: 95 x 465 x 535 mmOrienta\u010dn\u00e1 hmotnos\u0165: 2,100 kg<\/p>\n<\/div>\n<\/div>\n","protected":false},"excerpt":{"rendered":"<p>Strie\u0161ka na \u00fa\u013e s vetran\u00edm, Tatran B Strie\u0161ka na polystyr\u00e9nov\u00fd \u00fa\u013e\u00a0Tatran B a Tatran B 1\/2\u00a0s vetran\u00edm. Orienta\u010dn\u00e9 vonkaj\u0161ie rozmery: 95 x 465 x 535 mmOrienta\u010dn\u00e1 hmotnos\u0165: 2,100 kg<\/p>\n","protected":false},"featured_media":503,"comment_status":"open","ping_status":"closed","template":"","meta":[],"product_brand":[],"product_cat":[16,90],"product_tag":[],"class_list":{"0":"post-97","1":"product","2":"type-product","3":"status-publish","4":"has-post-thumbnail","6":"product_cat-ule","7":"product_cat-vrchnaky","9":"first","10":"outofstock","11":"taxable","12":"shipping-taxable","13":"purchasable","14":"product-type-simple"},"jetpack_sharing_enabled":true,"_links":{"self":[{"href":"https:\/\/www.nedozery.sk\/vcelarstvo\/wp-json\/wp\/v2\/product\/97","targetHints":{"allow":["GET"]}}],"collection":[{"href":"https:\/\/www.nedozery.sk\/vcelarstvo\/wp-json\/wp\/v2\/product"}],"about":[{"href":"https:\/\/www.nedozery.sk\/vcelarstvo\/wp-json\/wp\/v2\/types\/product"}],"replies":[{"embeddable":true,"href":"https:\/\/www.nedozery.sk\/vcelarstvo\/wp-json\/wp\/v2\/comments?post=97"}],"version-history":[{"count":0,"href":"https:\/\/www.nedozery.sk\/vcelarstvo\/wp-json\/wp\/v2\/product\/97\/revisions"}],"wp:featuredmedia":[{"embeddable":true,"href":"https:\/\/www.nedozery.sk\/vcelarstvo\/wp-json\/wp\/v2\/media\/503"}],"wp:attachment":[{"href":"https:\/\/www.nedozery.sk\/vcelarstvo\/wp-json\/wp\/v2\/media?parent=97"}],"wp:term":[{"taxonomy":"product_brand","embeddable":true,"href":"https:\/\/www.nedozery.sk\/vcelarstvo\/wp-json\/wp\/v2\/product_brand?post=97"},{"taxonomy":"product_cat","embeddable":true,"href":"https:\/\/www.nedozery.sk\/vcelarstvo\/wp-json\/wp\/v2\/product_cat?post=97"},{"taxonomy":"product_tag","embeddable":true,"href":"https:\/\/www.nedozery.sk\/vcelarstvo\/wp-json\/wp\/v2\/product_tag?post=97"}],"curies":[{"name":"wp","href":"https:\/\/api.w.org\/{rel}","templated":true}]}}