{"id":98,"date":"2021-10-24T14:06:47","date_gmt":"2021-10-24T12:06:47","guid":{"rendered":"https:\/\/www.nedozery.sk\/vcelarstvo\/?product=produkt-4"},"modified":"2025-03-24T11:11:29","modified_gmt":"2025-03-24T10:11:29","slug":"produkt-4","status":"publish","type":"product","link":"https:\/\/www.nedozery.sk\/vcelarstvo\/produkt\/produkt-4\/","title":{"rendered":"3-r\u00e1mikov\u00fd \u00fa\u013e Tatran B, nema\u013eovan\u00fd"},"content":{"rendered":"<h2>3-r\u00e1mikov\u00fd \u00fa\u013e Tatran B, nema\u013eovan\u00fd<\/h2>\n<div class=\"in-pane\">\n<div class=\"long-description\">\n<p><strong>Polystyr\u00e9nov\u00fd nema\u013eovan\u00fd 3-r\u00e1mikov\u00fd \u00fa\u013e Tatran B<\/strong>\u00a0je navrhnut\u00fd tak, aby bol vhodn\u00fd pre v\u010dely u\u017e aj na skor\u00fa jar a na chov matiek pre vlastn\u00fa potrebu, pou\u017eit\u00edm syst\u00e9mov\u00e9ho r\u00e1mu (napr. WL, D). \u00da\u013e m\u00f4\u017ee tie\u017e sl\u00fa\u017ei\u0165 aj ako prepravn\u00fd box alebo rojnica.<\/p>\n<p>Zlo\u017eenie \u00fa\u013ea:<\/p>\n<ul>\n<li>strecha<\/li>\n<li>n\u00e1dstavok<\/li>\n<li>dno s plastov\u00fdm krytom<\/li>\n<\/ul>\n<p>Vonkaj\u0161ie rozmery v cm (v x \u0161 x h): 38,5 x 19 x 52 (55 spodn\u00e1 \u010das\u0165)<br \/>\nVn\u00fatorn\u00e9 rozmery v cm (v x \u0161 x h): 32 x 11,5 x 44,5<br \/>\nV\u00e1ha netto: 1,485 kg \/ V\u00e1ha brutto: 1,559 kg<\/p>\n<p><u><strong>VIDEO:<\/strong><\/u><\/p>\n<p><iframe src=\"https:\/\/www.youtube.com\/embed\/Y15Go9Fd-jA\" width=\"560\" height=\"315\" frameborder=\"0\" allowfullscreen=\"allowfullscreen\" data-mce-fragment=\"1\"><\/iframe><\/p>\n<\/div>\n<\/div>\n","protected":false},"excerpt":{"rendered":"<p>3-r\u00e1mikov\u00fd \u00fa\u013e Tatran B, nema\u013eovan\u00fd Polystyr\u00e9nov\u00fd nema\u013eovan\u00fd 3-r\u00e1mikov\u00fd \u00fa\u013e Tatran B\u00a0je navrhnut\u00fd tak, aby bol vhodn\u00fd pre v\u010dely u\u017e aj na skor\u00fa jar a na chov matiek pre vlastn\u00fa potrebu, pou\u017eit\u00edm syst\u00e9mov\u00e9ho r\u00e1mu (napr. WL, D). \u00da\u013e m\u00f4\u017ee tie\u017e sl\u00fa\u017ei\u0165 aj ako prepravn\u00fd box alebo rojnica. Zlo\u017eenie \u00fa\u013ea: strecha n\u00e1dstavok dno s plastov\u00fdm krytom Vonkaj\u0161ie <a href=\"https:\/\/www.nedozery.sk\/vcelarstvo\/produkt\/produkt-4\/\" class=\"read-more inline\">\u010c\u00edtaj \u010falej<\/a><\/p>\n","protected":false},"featured_media":501,"comment_status":"open","ping_status":"closed","template":"","meta":[],"product_brand":[],"product_cat":[96,16],"product_tag":[],"class_list":{"0":"post-98","1":"product","2":"type-product","3":"status-publish","4":"has-post-thumbnail","6":"product_cat-plemenace","7":"product_cat-ule","9":"first","10":"instock","11":"taxable","12":"shipping-taxable","13":"purchasable","14":"product-type-simple"},"jetpack_sharing_enabled":true,"_links":{"self":[{"href":"https:\/\/www.nedozery.sk\/vcelarstvo\/wp-json\/wp\/v2\/product\/98","targetHints":{"allow":["GET"]}}],"collection":[{"href":"https:\/\/www.nedozery.sk\/vcelarstvo\/wp-json\/wp\/v2\/product"}],"about":[{"href":"https:\/\/www.nedozery.sk\/vcelarstvo\/wp-json\/wp\/v2\/types\/product"}],"replies":[{"embeddable":true,"href":"https:\/\/www.nedozery.sk\/vcelarstvo\/wp-json\/wp\/v2\/comments?post=98"}],"version-history":[{"count":0,"href":"https:\/\/www.nedozery.sk\/vcelarstvo\/wp-json\/wp\/v2\/product\/98\/revisions"}],"wp:featuredmedia":[{"embeddable":true,"href":"https:\/\/www.nedozery.sk\/vcelarstvo\/wp-json\/wp\/v2\/media\/501"}],"wp:attachment":[{"href":"https:\/\/www.nedozery.sk\/vcelarstvo\/wp-json\/wp\/v2\/media?parent=98"}],"wp:term":[{"taxonomy":"product_brand","embeddable":true,"href":"https:\/\/www.nedozery.sk\/vcelarstvo\/wp-json\/wp\/v2\/product_brand?post=98"},{"taxonomy":"product_cat","embeddable":true,"href":"https:\/\/www.nedozery.sk\/vcelarstvo\/wp-json\/wp\/v2\/product_cat?post=98"},{"taxonomy":"product_tag","embeddable":true,"href":"https:\/\/www.nedozery.sk\/vcelarstvo\/wp-json\/wp\/v2\/product_tag?post=98"}],"curies":[{"name":"wp","href":"https:\/\/api.w.org\/{rel}","templated":true}]}}