{"id":986,"date":"2021-12-17T14:12:07","date_gmt":"2021-12-17T13:12:07","guid":{"rendered":"https:\/\/www.nedozery.sk\/vcelarstvo\/?post_type=product&#038;p=986"},"modified":"2025-10-22T10:56:18","modified_gmt":"2025-10-22T08:56:18","slug":"fumigantne-pasiky-50-ks","status":"publish","type":"product","link":"https:\/\/www.nedozery.sk\/vcelarstvo\/produkt\/fumigantne-pasiky-50-ks\/","title":{"rendered":"Fumigantn\u00e9 p\u00e1siky, 50 ks"},"content":{"rendered":"<h2>Fumigantn\u00e9 p\u00e1siky, 50 ks<\/h2>\n<div class=\"in-pane\">\n<div class=\"long-description\">\n<p><strong>Fumigantn\u00e9 p\u00e1siky v balen\u00ed 50 ks<\/strong>\u00a0sl\u00fa\u017eia ako nosn\u00e9 m\u00e9dium pre aplik\u00e1ciu lie\u010diva, ako napr. varidol. P\u00e1sik sa naipmregnuje lie\u010divom a potom sa zap\u00e1li a umiestni do \u00fa\u013ea.<\/p>\n<p><u>Aplik\u00e1cia varidolu fumig\u00e1ciou:<\/u><br \/>\nNa jedno v\u010delstvo sa pou\u017eij\u00fa dve kvapky lieku (6,2 mg lie\u010divej l\u00e1tky) na jednom p\u00e1siku. Pokia\u013e v\u010delstvo obsad\u00e1 dva nadstavky, na p\u00e1sik sa nakvapkaj\u00fa a\u017e 4 kvapky. Pre ve\u013emi slab\u00e9 v\u010delstv\u00e1 sa pou\u017eije len jedna kvapka. Po vsiaknut\u00ed lieku sa p\u00e1sik na celej spodnej strane zap\u00e1li, pri\u010dom mus\u00ed len tlie\u0165, nesmie horie\u0165 plame\u0148om. Tlej\u00faci p\u00e1sik sa pripevn\u00ed vo zvislej polohe klin\u010dekom do hornej polovice krycieho pl\u00e1stu. \u00da\u013e a let\u00e1\u010d uzatvor\u00edme. Po 30 min\u00fatach let\u00e1\u010d otvor\u00edme. Aplikujeme pri vonkaj\u0161ej teplote nad + 10\u00b0C, v\u017edy v \u010dase, ke\u010f v\u010dely nelietaj\u00fa, a to v obdob\u00ed od 1. okt\u00f3bra do 15. apr\u00edla.<\/p>\n<p>Rozmery p\u00e1sika: 10 x 2 cm<\/p>\n<\/div>\n<\/div>\n","protected":false},"excerpt":{"rendered":"<p>Fumigantn\u00e9 p\u00e1siky, 50 ks Fumigantn\u00e9 p\u00e1siky v balen\u00ed 50 ks\u00a0sl\u00fa\u017eia ako nosn\u00e9 m\u00e9dium pre aplik\u00e1ciu lie\u010diva, ako napr. varidol. P\u00e1sik sa naipmregnuje lie\u010divom a potom sa zap\u00e1li a umiestni do \u00fa\u013ea. Aplik\u00e1cia varidolu fumig\u00e1ciou: Na jedno v\u010delstvo sa pou\u017eij\u00fa dve kvapky lieku (6,2 mg lie\u010divej l\u00e1tky) na jednom p\u00e1siku. Pokia\u013e v\u010delstvo obsad\u00e1 dva nadstavky, na <a href=\"https:\/\/www.nedozery.sk\/vcelarstvo\/produkt\/fumigantne-pasiky-50-ks\/\" class=\"read-more inline\">\u010c\u00edtaj \u010falej<\/a><\/p>\n","protected":false},"featured_media":988,"comment_status":"open","ping_status":"closed","template":"","meta":[],"product_brand":[],"product_cat":[20,73],"product_tag":[],"class_list":{"0":"post-986","1":"product","2":"type-product","3":"status-publish","4":"has-post-thumbnail","6":"product_cat-lieciva","7":"product_cat-varroa","9":"first","10":"instock","11":"taxable","12":"shipping-taxable","13":"purchasable","14":"product-type-simple"},"jetpack_sharing_enabled":true,"_links":{"self":[{"href":"https:\/\/www.nedozery.sk\/vcelarstvo\/wp-json\/wp\/v2\/product\/986","targetHints":{"allow":["GET"]}}],"collection":[{"href":"https:\/\/www.nedozery.sk\/vcelarstvo\/wp-json\/wp\/v2\/product"}],"about":[{"href":"https:\/\/www.nedozery.sk\/vcelarstvo\/wp-json\/wp\/v2\/types\/product"}],"replies":[{"embeddable":true,"href":"https:\/\/www.nedozery.sk\/vcelarstvo\/wp-json\/wp\/v2\/comments?post=986"}],"version-history":[{"count":0,"href":"https:\/\/www.nedozery.sk\/vcelarstvo\/wp-json\/wp\/v2\/product\/986\/revisions"}],"wp:featuredmedia":[{"embeddable":true,"href":"https:\/\/www.nedozery.sk\/vcelarstvo\/wp-json\/wp\/v2\/media\/988"}],"wp:attachment":[{"href":"https:\/\/www.nedozery.sk\/vcelarstvo\/wp-json\/wp\/v2\/media?parent=986"}],"wp:term":[{"taxonomy":"product_brand","embeddable":true,"href":"https:\/\/www.nedozery.sk\/vcelarstvo\/wp-json\/wp\/v2\/product_brand?post=986"},{"taxonomy":"product_cat","embeddable":true,"href":"https:\/\/www.nedozery.sk\/vcelarstvo\/wp-json\/wp\/v2\/product_cat?post=986"},{"taxonomy":"product_tag","embeddable":true,"href":"https:\/\/www.nedozery.sk\/vcelarstvo\/wp-json\/wp\/v2\/product_tag?post=986"}],"curies":[{"name":"wp","href":"https:\/\/api.w.org\/{rel}","templated":true}]}}